{"id":22,"date":"2026-04-19T15:05:55","date_gmt":"2026-04-19T15:05:55","guid":{"rendered":"https:\/\/gizemparfum.com\/?page_id=22"},"modified":"2026-04-19T16:15:53","modified_gmt":"2026-04-19T16:15:53","slug":"iletisim","status":"publish","type":"page","link":"https:\/\/gizemparfum.com\/?page_id=22","title":{"rendered":"\u0130leti\u015fim"},"content":{"rendered":"\n<figure class=\"wp-block-image size-large\"><img loading=\"lazy\" decoding=\"async\" width=\"1024\" height=\"518\" src=\"https:\/\/gizemparfum.com\/wp-content\/uploads\/2026\/04\/logo-1024x518.png\" alt=\"\" class=\"wp-image-72\" srcset=\"https:\/\/gizemparfum.com\/wp-content\/uploads\/2026\/04\/logo-1024x518.png 1024w, https:\/\/gizemparfum.com\/wp-content\/uploads\/2026\/04\/logo-300x152.png 300w, https:\/\/gizemparfum.com\/wp-content\/uploads\/2026\/04\/logo-768x388.png 768w, https:\/\/gizemparfum.com\/wp-content\/uploads\/2026\/04\/logo-119x60.png 119w, https:\/\/gizemparfum.com\/wp-content\/uploads\/2026\/04\/logo.png 1456w\" sizes=\"auto, (max-width: 1024px) 100vw, 1024px\" \/><\/figure>\n\n\n\n<p>PETA K\u0130MYA SANAY\u0130 VE T\u0130CARET L\u0130M\u0130TED \u015e\u0130RKET\u0130<\/p>\n\n\n\n<p>Sahabiye Mh. Ahievran Cad. 35\/G Kocasinan\/KAYSER\u0130<\/p>\n\n\n\n<p>+90 352 333 11 11<\/p>\n\n\n\n<p>Sicil ve Ticaret Odas\u0131 kay\u0131t i\u015flemleri devam etmektedir.<\/p>\n\n\n\n<p>kamuoyuna sayg\u0131 ile duyrulur.<\/p>\n","protected":false},"excerpt":{"rendered":"<p>PETA K\u0130MYA SANAY\u0130 VE T\u0130CARET L\u0130M\u0130TED \u015e\u0130RKET\u0130 Sahabiye Mh. Ahievran Cad. 35\/G Kocasinan\/KAYSER\u0130 +90 352 333 11 11 Sicil ve Ticaret Odas\u0131 kay\u0131t i\u015flemleri devam &hellip; <\/p>\n","protected":false},"author":1,"featured_media":0,"parent":0,"menu_order":0,"comment_status":"closed","ping_status":"closed","template":"","meta":{"footnotes":""},"class_list":["post-22","page","type-page","status-publish","hentry","latest_post"],"_links":{"self":[{"href":"https:\/\/gizemparfum.com\/index.php?rest_route=\/wp\/v2\/pages\/22","targetHints":{"allow":["GET"]}}],"collection":[{"href":"https:\/\/gizemparfum.com\/index.php?rest_route=\/wp\/v2\/pages"}],"about":[{"href":"https:\/\/gizemparfum.com\/index.php?rest_route=\/wp\/v2\/types\/page"}],"author":[{"embeddable":true,"href":"https:\/\/gizemparfum.com\/index.php?rest_route=\/wp\/v2\/users\/1"}],"replies":[{"embeddable":true,"href":"https:\/\/gizemparfum.com\/index.php?rest_route=%2Fwp%2Fv2%2Fcomments&post=22"}],"version-history":[{"count":6,"href":"https:\/\/gizemparfum.com\/index.php?rest_route=\/wp\/v2\/pages\/22\/revisions"}],"predecessor-version":[{"id":73,"href":"https:\/\/gizemparfum.com\/index.php?rest_route=\/wp\/v2\/pages\/22\/revisions\/73"}],"wp:attachment":[{"href":"https:\/\/gizemparfum.com\/index.php?rest_route=%2Fwp%2Fv2%2Fmedia&parent=22"}],"curies":[{"name":"wp","href":"https:\/\/api.w.org\/{rel}","templated":true}]}}